{"id":5962,"date":"2020-02-10T10:34:19","date_gmt":"2020-02-10T10:34:19","guid":{"rendered":"http:\/\/claue.jan\/demo2\/?page_id=5962"},"modified":"2021-03-15T21:09:26","modified_gmt":"2021-03-15T21:09:26","slug":"over-ons","status":"publish","type":"page","link":"https:\/\/almouhtadounfashion.nl\/fr\/over-ons\/","title":{"rendered":"Qui sommes-nous"},"content":{"rendered":"<div data-elementor-type=\"wp-page\" data-elementor-id=\"5962\" class=\"elementor elementor-5962\">\n\t\t\t\t\t\t<section class=\"elementor-section elementor-top-section elementor-element elementor-element-db163a2 elementor-section-boxed elementor-section-height-default elementor-section-height-default\" data-id=\"db163a2\" data-element_type=\"section\" data-e-type=\"section\">\n\t\t\t\t\t\t<div class=\"elementor-container elementor-column-gap-wide\">\n\t\t\t\t\t<div class=\"elementor-column elementor-col-50 elementor-top-column elementor-element elementor-element-e35449d\" data-id=\"e35449d\" data-element_type=\"column\" data-e-type=\"column\">\n\t\t\t<div class=\"elementor-widget-wrap elementor-element-populated\">\n\t\t\t\t\t\t<div class=\"elementor-element elementor-element-791a065 elementor-widget elementor-widget-heading\" data-id=\"791a065\" data-element_type=\"widget\" data-e-type=\"widget\" data-widget_type=\"heading.default\">\n\t\t\t\t<div class=\"elementor-widget-container\">\n\t\t\t\t\t<h3 class=\"elementor-heading-title elementor-size-default\">Notre Mission<\/h3>\t\t\t\t<\/div>\n\t\t\t\t<\/div>\n\t\t\t\t<div class=\"elementor-element elementor-element-825021b elementor-widget elementor-widget-text-editor\" data-id=\"825021b\" data-element_type=\"widget\" data-e-type=\"widget\" data-widget_type=\"text-editor.default\">\n\t\t\t\t<div class=\"elementor-widget-container\">\n\t\t\t\t\t\t\t\t\t<p>Chez Al Mouhtadoun Fashion, nous proposons une large gamme de v\u00eatements islamiques pour femmes et enfants, avec une touche moderne. S'habiller moderne et en m\u00eame temps rester modeste est possible chez Al Mouhtadoun Fashion.\u00a0<\/p>\t\t\t\t\t\t\t\t<\/div>\n\t\t\t\t<\/div>\n\t\t\t\t<div class=\"elementor-element elementor-element-45d1756 elementor-widget elementor-widget-heading\" data-id=\"45d1756\" data-element_type=\"widget\" data-e-type=\"widget\" data-widget_type=\"heading.default\">\n\t\t\t\t<div class=\"elementor-widget-container\">\n\t\t\t\t\t<h3 class=\"elementor-heading-title elementor-size-default\">Notre Philosophie<\/h3>\t\t\t\t<\/div>\n\t\t\t\t<\/div>\n\t\t\t\t<div class=\"elementor-element elementor-element-e5453cc elementor-widget elementor-widget-text-editor\" data-id=\"e5453cc\" data-element_type=\"widget\" data-e-type=\"widget\" data-widget_type=\"text-editor.default\">\n\t\t\t\t<div class=\"elementor-widget-container\">\n\t\t\t\t\t\t\t\t\t<p>Al Mouhtadoun Fashion s'efforce de proposer en permanence de nouveaux v\u00eatements islamiques.\u00a0<\/p>\t\t\t\t\t\t\t\t<\/div>\n\t\t\t\t<\/div>\n\t\t\t\t\t<\/div>\n\t\t<\/div>\n\t\t\t\t<div class=\"elementor-column elementor-col-50 elementor-top-column elementor-element elementor-element-27e8b03\" data-id=\"27e8b03\" data-element_type=\"column\" data-e-type=\"column\">\n\t\t\t<div class=\"elementor-widget-wrap elementor-element-populated\">\n\t\t\t\t\t\t<div class=\"elementor-element elementor-element-b54baee elementor-widget elementor-widget-heading\" data-id=\"b54baee\" data-element_type=\"widget\" data-e-type=\"widget\" data-widget_type=\"heading.default\">\n\t\t\t\t<div class=\"elementor-widget-container\">\n\t\t\t\t\t<h3 class=\"elementor-heading-title elementor-size-default\">Notre Histoire<\/h3>\t\t\t\t<\/div>\n\t\t\t\t<\/div>\n\t\t\t\t<div class=\"elementor-element elementor-element-05ee068 elementor-widget elementor-widget-text-editor\" data-id=\"05ee068\" data-element_type=\"widget\" data-e-type=\"widget\" data-widget_type=\"text-editor.default\">\n\t\t\t\t<div class=\"elementor-widget-container\">\n\t\t\t\t\t\t\t\t\t<p>Al Mouhtadoun Fashion est une boutique en ligne pour les femmes et les enfants qui souhaitent s'habiller selon les directives islamiques. Nous sommes une famille de trois jeunes filles que nous aimerions \u00e9lever selon notre belle foi. Cependant, nous vivons dans une soci\u00e9t\u00e9 dans laquelle nos enfants voient non seulement un style vestimentaire modeste, mais aussi un style vestimentaire qui ne correspond pas \u00e0 notre foi. Ceci est souvent per\u00e7u par les enfants comme \u00abplus beau\u00bb. C'est pourquoi nous voulons proposer quelque chose de beau et de moderne pour toutes les m\u00e8res, afin que les enfants in cha Allah commencent automatiquement \u00e0 aimer les v\u00eatements islamiques.<\/p>\t\t\t\t\t\t\t\t<\/div>\n\t\t\t\t<\/div>\n\t\t\t\t\t<\/div>\n\t\t<\/div>\n\t\t\t\t\t<\/div>\n\t\t<\/section>\n\t\t\t\t<\/div>","protected":false},"excerpt":{"rendered":"<p>Onze missie Bij Al Mouhtadoun Fashion bieden wij een groot aanbod in islamitische vrouwen- en kinderkleding, met een modern vleugje. Modern kleden en tegelijkertijd bescheiden blijven, kan bij Al Mouhtadoun Fashion.\u00a0 Onze Filosofie Al Mouhtadoun Fashion streeft ernaar om continu nieuwe islamitische kleding aan te blijven bieden.\u00a0 Ons verhaal Al Mouhtadoun Fashion is een webshop [&hellip;]<\/p>\n","protected":false},"author":1,"featured_media":6256,"parent":0,"menu_order":0,"comment_status":"closed","ping_status":"closed","template":"","meta":{"footnotes":""},"class_list":["post-5962","page","type-page","status-publish","has-post-thumbnail","hentry"],"yoast_head":"<!-- This site is optimized with the Yoast SEO plugin v27.4 - https:\/\/yoast.com\/product\/yoast-seo-wordpress\/ -->\n<title>Over Ons - Al Mouhtadoun Fashion<\/title>\n<meta name=\"description\" content=\"Onze missie Bij Al Mouhtadoun Fashion bieden wij een groot aanbod in islamitische vrouwen- en kinderkleding, met een modern vleugje. Modern kleden en\" \/>\n<meta name=\"robots\" content=\"index, follow, max-snippet:-1, max-image-preview:large, max-video-preview:-1\" \/>\n<link rel=\"canonical\" href=\"https:\/\/almouhtadounfashion.nl\/fr\/over-ons\/\" \/>\n<meta property=\"og:locale\" content=\"fr_FR\" \/>\n<meta property=\"og:type\" content=\"article\" \/>\n<meta property=\"og:title\" content=\"Over Ons - Al Mouhtadoun Fashion\" \/>\n<meta property=\"og:description\" content=\"Onze missie Bij Al Mouhtadoun Fashion bieden wij een groot aanbod in islamitische vrouwen- en kinderkleding, met een modern vleugje. Modern kleden en\" \/>\n<meta property=\"og:url\" content=\"https:\/\/almouhtadounfashion.nl\/fr\/over-ons\/\" \/>\n<meta property=\"og:site_name\" content=\"Al Mouhtadoun Fashion\" \/>\n<meta property=\"article:publisher\" content=\"https:\/\/www.facebook.com\/Al-Mouhtadoun-Fashion-109190494608539\" \/>\n<meta property=\"article:modified_time\" content=\"2021-03-15T21:09:26+00:00\" \/>\n<meta property=\"og:image\" content=\"https:\/\/almouhtadounfashion.nl\/wp-content\/uploads\/2021\/03\/satria-sp-UOmpylL_UaI-unsplash.jpg\" \/>\n\t<meta property=\"og:image:width\" content=\"1920\" \/>\n\t<meta property=\"og:image:height\" content=\"1080\" \/>\n\t<meta property=\"og:image:type\" content=\"image\/jpeg\" \/>\n<meta name=\"twitter:card\" content=\"summary_large_image\" \/>\n<meta name=\"twitter:label1\" content=\"Dur\u00e9e de lecture estim\u00e9e\" \/>\n\t<meta name=\"twitter:data1\" content=\"1 minute\" \/>\n<script type=\"application\/ld+json\" class=\"yoast-schema-graph\">{\"@context\":\"https:\\\/\\\/schema.org\",\"@graph\":[{\"@type\":\"WebPage\",\"@id\":\"https:\\\/\\\/almouhtadounfashion.nl\\\/over-ons\\\/\",\"url\":\"https:\\\/\\\/almouhtadounfashion.nl\\\/over-ons\\\/\",\"name\":\"Over Ons - Al Mouhtadoun Fashion\",\"isPartOf\":{\"@id\":\"https:\\\/\\\/almouhtadounfashion.nl\\\/#website\"},\"primaryImageOfPage\":{\"@id\":\"https:\\\/\\\/almouhtadounfashion.nl\\\/over-ons\\\/#primaryimage\"},\"image\":{\"@id\":\"https:\\\/\\\/almouhtadounfashion.nl\\\/over-ons\\\/#primaryimage\"},\"thumbnailUrl\":\"https:\\\/\\\/almouhtadounfashion.nl\\\/wp-content\\\/uploads\\\/2021\\\/03\\\/satria-sp-UOmpylL_UaI-unsplash.jpg\",\"datePublished\":\"2020-02-10T10:34:19+00:00\",\"dateModified\":\"2021-03-15T21:09:26+00:00\",\"description\":\"Onze missie Bij Al Mouhtadoun Fashion bieden wij een groot aanbod in islamitische vrouwen- en kinderkleding, met een modern vleugje. Modern kleden en\",\"breadcrumb\":{\"@id\":\"https:\\\/\\\/almouhtadounfashion.nl\\\/over-ons\\\/#breadcrumb\"},\"inLanguage\":\"fr-FR\",\"potentialAction\":[{\"@type\":\"ReadAction\",\"target\":[\"https:\\\/\\\/almouhtadounfashion.nl\\\/over-ons\\\/\"]}]},{\"@type\":\"ImageObject\",\"inLanguage\":\"fr-FR\",\"@id\":\"https:\\\/\\\/almouhtadounfashion.nl\\\/over-ons\\\/#primaryimage\",\"url\":\"https:\\\/\\\/almouhtadounfashion.nl\\\/wp-content\\\/uploads\\\/2021\\\/03\\\/satria-sp-UOmpylL_UaI-unsplash.jpg\",\"contentUrl\":\"https:\\\/\\\/almouhtadounfashion.nl\\\/wp-content\\\/uploads\\\/2021\\\/03\\\/satria-sp-UOmpylL_UaI-unsplash.jpg\",\"width\":1920,\"height\":1080},{\"@type\":\"BreadcrumbList\",\"@id\":\"https:\\\/\\\/almouhtadounfashion.nl\\\/over-ons\\\/#breadcrumb\",\"itemListElement\":[{\"@type\":\"ListItem\",\"position\":1,\"name\":\"Home\",\"item\":\"https:\\\/\\\/almouhtadounfashion.nl\\\/\"},{\"@type\":\"ListItem\",\"position\":2,\"name\":\"Over Ons\"}]},{\"@type\":\"WebSite\",\"@id\":\"https:\\\/\\\/almouhtadounfashion.nl\\\/#website\",\"url\":\"https:\\\/\\\/almouhtadounfashion.nl\\\/\",\"name\":\"Al Mouhtadoun Fashion\",\"description\":\"Islamitische Kleding en Producten\",\"publisher\":{\"@id\":\"https:\\\/\\\/almouhtadounfashion.nl\\\/#organization\"},\"potentialAction\":[{\"@type\":\"SearchAction\",\"target\":{\"@type\":\"EntryPoint\",\"urlTemplate\":\"https:\\\/\\\/almouhtadounfashion.nl\\\/?s={search_term_string}\"},\"query-input\":{\"@type\":\"PropertyValueSpecification\",\"valueRequired\":true,\"valueName\":\"search_term_string\"}}],\"inLanguage\":\"fr-FR\"},{\"@type\":\"Organization\",\"@id\":\"https:\\\/\\\/almouhtadounfashion.nl\\\/#organization\",\"name\":\"Al Mouhtadoun Fashion\",\"url\":\"https:\\\/\\\/almouhtadounfashion.nl\\\/\",\"logo\":{\"@type\":\"ImageObject\",\"inLanguage\":\"fr-FR\",\"@id\":\"https:\\\/\\\/almouhtadounfashion.nl\\\/#\\\/schema\\\/logo\\\/image\\\/\",\"url\":\"https:\\\/\\\/almouhtadounfashion.nl\\\/wp-content\\\/uploads\\\/2021\\\/03\\\/Logo-High-Quality-PNGTransparent.png\",\"contentUrl\":\"https:\\\/\\\/almouhtadounfashion.nl\\\/wp-content\\\/uploads\\\/2021\\\/03\\\/Logo-High-Quality-PNGTransparent.png\",\"width\":4573,\"height\":1409,\"caption\":\"Al Mouhtadoun Fashion\"},\"image\":{\"@id\":\"https:\\\/\\\/almouhtadounfashion.nl\\\/#\\\/schema\\\/logo\\\/image\\\/\"},\"sameAs\":[\"https:\\\/\\\/www.facebook.com\\\/Al-Mouhtadoun-Fashion-109190494608539\",\"https:\\\/\\\/www.instagram.com\\\/almouhtadounfashion\\\/\"]}]}<\/script>\n<!-- \/ Yoast SEO plugin. -->","yoast_head_json":{"title":"Over Ons - Al Mouhtadoun Fashion","description":"Onze missie Bij Al Mouhtadoun Fashion bieden wij een groot aanbod in islamitische vrouwen- en kinderkleding, met een modern vleugje. Modern kleden en","robots":{"index":"index","follow":"follow","max-snippet":"max-snippet:-1","max-image-preview":"max-image-preview:large","max-video-preview":"max-video-preview:-1"},"canonical":"https:\/\/almouhtadounfashion.nl\/fr\/over-ons\/","og_locale":"fr_FR","og_type":"article","og_title":"Over Ons - Al Mouhtadoun Fashion","og_description":"Onze missie Bij Al Mouhtadoun Fashion bieden wij een groot aanbod in islamitische vrouwen- en kinderkleding, met een modern vleugje. Modern kleden en","og_url":"https:\/\/almouhtadounfashion.nl\/fr\/over-ons\/","og_site_name":"Al Mouhtadoun Fashion","article_publisher":"https:\/\/www.facebook.com\/Al-Mouhtadoun-Fashion-109190494608539","article_modified_time":"2021-03-15T21:09:26+00:00","og_image":[{"width":1920,"height":1080,"url":"https:\/\/almouhtadounfashion.nl\/wp-content\/uploads\/2021\/03\/satria-sp-UOmpylL_UaI-unsplash.jpg","type":"image\/jpeg"}],"twitter_card":"summary_large_image","twitter_misc":{"Dur\u00e9e de lecture estim\u00e9e":"1 minute"},"schema":{"@context":"https:\/\/schema.org","@graph":[{"@type":"WebPage","@id":"https:\/\/almouhtadounfashion.nl\/over-ons\/","url":"https:\/\/almouhtadounfashion.nl\/over-ons\/","name":"Over Ons - Al Mouhtadoun Fashion","isPartOf":{"@id":"https:\/\/almouhtadounfashion.nl\/#website"},"primaryImageOfPage":{"@id":"https:\/\/almouhtadounfashion.nl\/over-ons\/#primaryimage"},"image":{"@id":"https:\/\/almouhtadounfashion.nl\/over-ons\/#primaryimage"},"thumbnailUrl":"https:\/\/almouhtadounfashion.nl\/wp-content\/uploads\/2021\/03\/satria-sp-UOmpylL_UaI-unsplash.jpg","datePublished":"2020-02-10T10:34:19+00:00","dateModified":"2021-03-15T21:09:26+00:00","description":"Onze missie Bij Al Mouhtadoun Fashion bieden wij een groot aanbod in islamitische vrouwen- en kinderkleding, met een modern vleugje. Modern kleden en","breadcrumb":{"@id":"https:\/\/almouhtadounfashion.nl\/over-ons\/#breadcrumb"},"inLanguage":"fr-FR","potentialAction":[{"@type":"ReadAction","target":["https:\/\/almouhtadounfashion.nl\/over-ons\/"]}]},{"@type":"ImageObject","inLanguage":"fr-FR","@id":"https:\/\/almouhtadounfashion.nl\/over-ons\/#primaryimage","url":"https:\/\/almouhtadounfashion.nl\/wp-content\/uploads\/2021\/03\/satria-sp-UOmpylL_UaI-unsplash.jpg","contentUrl":"https:\/\/almouhtadounfashion.nl\/wp-content\/uploads\/2021\/03\/satria-sp-UOmpylL_UaI-unsplash.jpg","width":1920,"height":1080},{"@type":"BreadcrumbList","@id":"https:\/\/almouhtadounfashion.nl\/over-ons\/#breadcrumb","itemListElement":[{"@type":"ListItem","position":1,"name":"Home","item":"https:\/\/almouhtadounfashion.nl\/"},{"@type":"ListItem","position":2,"name":"Over Ons"}]},{"@type":"WebSite","@id":"https:\/\/almouhtadounfashion.nl\/#website","url":"https:\/\/almouhtadounfashion.nl\/","name":"Al Mouhtadoun Fashion","description":"V\u00eatements et Produits Islamiques","publisher":{"@id":"https:\/\/almouhtadounfashion.nl\/#organization"},"potentialAction":[{"@type":"SearchAction","target":{"@type":"EntryPoint","urlTemplate":"https:\/\/almouhtadounfashion.nl\/?s={search_term_string}"},"query-input":{"@type":"PropertyValueSpecification","valueRequired":true,"valueName":"search_term_string"}}],"inLanguage":"fr-FR"},{"@type":"Organization","@id":"https:\/\/almouhtadounfashion.nl\/#organization","name":"Al Mouhtadoun Fashion","url":"https:\/\/almouhtadounfashion.nl\/","logo":{"@type":"ImageObject","inLanguage":"fr-FR","@id":"https:\/\/almouhtadounfashion.nl\/#\/schema\/logo\/image\/","url":"https:\/\/almouhtadounfashion.nl\/wp-content\/uploads\/2021\/03\/Logo-High-Quality-PNGTransparent.png","contentUrl":"https:\/\/almouhtadounfashion.nl\/wp-content\/uploads\/2021\/03\/Logo-High-Quality-PNGTransparent.png","width":4573,"height":1409,"caption":"Al Mouhtadoun Fashion"},"image":{"@id":"https:\/\/almouhtadounfashion.nl\/#\/schema\/logo\/image\/"},"sameAs":["https:\/\/www.facebook.com\/Al-Mouhtadoun-Fashion-109190494608539","https:\/\/www.instagram.com\/almouhtadounfashion\/"]}]}},"_links":{"self":[{"href":"https:\/\/almouhtadounfashion.nl\/fr\/wp-json\/wp\/v2\/pages\/5962","targetHints":{"allow":["GET"]}}],"collection":[{"href":"https:\/\/almouhtadounfashion.nl\/fr\/wp-json\/wp\/v2\/pages"}],"about":[{"href":"https:\/\/almouhtadounfashion.nl\/fr\/wp-json\/wp\/v2\/types\/page"}],"author":[{"embeddable":true,"href":"https:\/\/almouhtadounfashion.nl\/fr\/wp-json\/wp\/v2\/users\/1"}],"replies":[{"embeddable":true,"href":"https:\/\/almouhtadounfashion.nl\/fr\/wp-json\/wp\/v2\/comments?post=5962"}],"version-history":[{"count":43,"href":"https:\/\/almouhtadounfashion.nl\/fr\/wp-json\/wp\/v2\/pages\/5962\/revisions"}],"predecessor-version":[{"id":6984,"href":"https:\/\/almouhtadounfashion.nl\/fr\/wp-json\/wp\/v2\/pages\/5962\/revisions\/6984"}],"wp:featuredmedia":[{"embeddable":true,"href":"https:\/\/almouhtadounfashion.nl\/fr\/wp-json\/wp\/v2\/media\/6256"}],"wp:attachment":[{"href":"https:\/\/almouhtadounfashion.nl\/fr\/wp-json\/wp\/v2\/media?parent=5962"}],"curies":[{"name":"wp","href":"https:\/\/api.w.org\/{rel}","templated":true}]}}