{"id":4376,"date":"2016-04-19T16:16:52","date_gmt":"2016-04-19T16:16:52","guid":{"rendered":"http:\/\/192.168.1.236:8888\/gecko\/?page_id=4376"},"modified":"2021-06-01T22:03:16","modified_gmt":"2021-06-01T22:03:16","slug":"verzenden-bezorgen","status":"publish","type":"page","link":"https:\/\/almouhtadounfashion.nl\/fr\/verzenden-bezorgen\/","title":{"rendered":"Exp\u00e9dition &amp; Livraison"},"content":{"rendered":"<h2><strong>Exp\u00e9dition &amp; Livraison<\/strong><\/h2>\n<p><strong>D\u00e9lai de livraison, frais d'exp\u00e9dition et m\u00e9thodes<\/strong><\/p>\n<p><strong>D\u00e9lai de livraison<\/strong><\/p>\n<p>Si vous commandez avant 22h00, le colis sera g\u00e9n\u00e9ralement exp\u00e9di\u00e9 le jour ouvrable suivant. Les commandes sont livr\u00e9es dans les trois jours ouvr\u00e9s suivant la commande (si le produit est en stock). Vous recevrez un e-mail indiquant que la commande a \u00e9t\u00e9 exp\u00e9di\u00e9e. Vous recevrez \u00e9galement un email avec Track &amp; Trace pour suivre la livraison.<\/p>\n<p><strong>Frais d'exp\u00e9dition aux Pays-Bas:<\/strong><\/p>\n<p>Binnen Nederland hanteren wij een tarief van \u20ac 5,00. Dit is afhankelijk van het totaalbedrag van de bestelling. Boven een totaalbedrag van \u20ac 80, versturen wij u de bestelling GRATIS! Binnen Nederland verzenden wij met PostNL.<\/p>\n<p><strong>Frais d'exp\u00e9dition Europe:<\/strong><\/p>\n<table width=\"698\">\n<tbody>\n<tr>\n<td>Allemagne<\/td>\n<td>\u20ac 9,75 door PostNL (Gratis verzending bij bestelling boven de \u20ac 100)<\/td>\n<td>(1-2 jours)<\/td>\n<\/tr>\n<tr>\n<td>Belgique<\/td>\n<td>\u20ac 9,75 door PostNL (Gratis verzending bij bestelling boven de \u20ac 100)<\/td>\n<td>(1-2 jours)<\/td>\n<\/tr>\n<tr>\n<td>France<\/td>\n<td>\u20ac 9,75 door PostNL<\/td>\n<td>(1-2 jours)<\/td>\n<\/tr>\n<tr>\n<td>Espagne<\/td>\n<td>\u20ac 10,00 door PostNL<\/td>\n<td>(2-3 jours)<\/td>\n<\/tr>\n<tr>\n<td><\/td>\n<td><\/td>\n<td><\/td>\n<\/tr>\n<\/tbody>\n<\/table>\n<p><strong>\u00a0<\/strong><\/p>\n<p><strong>Frais d'exp\u00e9dition hors Europe:<\/strong><\/p>\n<p>En dehors de l'UE, les frais d'exp\u00e9dition standard sont de 21,95 \u20ac quelle que soit la taille. Le d\u00e9lai de livraison vers un pays hors Europe est en moyenne de 7 jours.<\/p>","protected":false},"excerpt":{"rendered":"<p>Verzenden &amp; Bezorgen Levertijd, Verzendkosten en Methoden Levertijd: Indien u voor 22:00 besteld, zal het pakket doorgaans de volgende werkdag verzonden worden. Bestellingen worden uiterlijk binnen drie werkdagen na bestelling geleverd (indien het product voorradig is). U ontvangt een mail dat de bestelling verstuurd is. Tevens ontvangt u aan mailtje met Track &amp; Trace om [&hellip;]<\/p>\n","protected":false},"author":1,"featured_media":6256,"parent":0,"menu_order":0,"comment_status":"closed","ping_status":"closed","template":"","meta":{"footnotes":""},"class_list":["post-4376","page","type-page","status-publish","has-post-thumbnail","hentry"],"yoast_head":"<!-- This site is optimized with the Yoast SEO plugin v27.4 - https:\/\/yoast.com\/product\/yoast-seo-wordpress\/ -->\n<title>Verzenden &amp; Bezorgen - Al Mouhtadoun Fashion<\/title>\n<meta name=\"description\" content=\"Verzenden &amp; Bezorgen Levertijd, Verzendkosten en Methoden Levertijd: Indien u voor 22:00 besteld, zal het pakket doorgaans de volgende werkdag\" \/>\n<meta name=\"robots\" content=\"index, follow, max-snippet:-1, max-image-preview:large, max-video-preview:-1\" \/>\n<link rel=\"canonical\" href=\"https:\/\/almouhtadounfashion.nl\/fr\/verzenden-bezorgen\/\" \/>\n<meta property=\"og:locale\" content=\"fr_FR\" \/>\n<meta property=\"og:type\" content=\"article\" \/>\n<meta property=\"og:title\" content=\"Verzenden &amp; Bezorgen - Al Mouhtadoun Fashion\" \/>\n<meta property=\"og:description\" content=\"Verzenden &amp; Bezorgen Levertijd, Verzendkosten en Methoden Levertijd: Indien u voor 22:00 besteld, zal het pakket doorgaans de volgende werkdag\" \/>\n<meta property=\"og:url\" content=\"https:\/\/almouhtadounfashion.nl\/fr\/verzenden-bezorgen\/\" \/>\n<meta property=\"og:site_name\" content=\"Al Mouhtadoun Fashion\" \/>\n<meta property=\"article:publisher\" content=\"https:\/\/www.facebook.com\/Al-Mouhtadoun-Fashion-109190494608539\" \/>\n<meta property=\"article:modified_time\" content=\"2021-06-01T22:03:16+00:00\" \/>\n<meta property=\"og:image\" content=\"https:\/\/almouhtadounfashion.nl\/wp-content\/uploads\/2021\/03\/satria-sp-UOmpylL_UaI-unsplash.jpg\" \/>\n\t<meta property=\"og:image:width\" content=\"1920\" \/>\n\t<meta property=\"og:image:height\" content=\"1080\" \/>\n\t<meta property=\"og:image:type\" content=\"image\/jpeg\" \/>\n<meta name=\"twitter:card\" content=\"summary_large_image\" \/>\n<meta name=\"twitter:label1\" content=\"Dur\u00e9e de lecture estim\u00e9e\" \/>\n\t<meta name=\"twitter:data1\" content=\"1 minute\" \/>\n<script type=\"application\/ld+json\" class=\"yoast-schema-graph\">{\"@context\":\"https:\\\/\\\/schema.org\",\"@graph\":[{\"@type\":\"WebPage\",\"@id\":\"https:\\\/\\\/almouhtadounfashion.nl\\\/verzenden-bezorgen\\\/\",\"url\":\"https:\\\/\\\/almouhtadounfashion.nl\\\/verzenden-bezorgen\\\/\",\"name\":\"Verzenden & Bezorgen - Al Mouhtadoun Fashion\",\"isPartOf\":{\"@id\":\"https:\\\/\\\/almouhtadounfashion.nl\\\/#website\"},\"primaryImageOfPage\":{\"@id\":\"https:\\\/\\\/almouhtadounfashion.nl\\\/verzenden-bezorgen\\\/#primaryimage\"},\"image\":{\"@id\":\"https:\\\/\\\/almouhtadounfashion.nl\\\/verzenden-bezorgen\\\/#primaryimage\"},\"thumbnailUrl\":\"https:\\\/\\\/almouhtadounfashion.nl\\\/wp-content\\\/uploads\\\/2021\\\/03\\\/satria-sp-UOmpylL_UaI-unsplash.jpg\",\"datePublished\":\"2016-04-19T16:16:52+00:00\",\"dateModified\":\"2021-06-01T22:03:16+00:00\",\"description\":\"Verzenden &amp; Bezorgen Levertijd, Verzendkosten en Methoden Levertijd: Indien u voor 22:00 besteld, zal het pakket doorgaans de volgende werkdag\",\"breadcrumb\":{\"@id\":\"https:\\\/\\\/almouhtadounfashion.nl\\\/verzenden-bezorgen\\\/#breadcrumb\"},\"inLanguage\":\"fr-FR\",\"potentialAction\":[{\"@type\":\"ReadAction\",\"target\":[\"https:\\\/\\\/almouhtadounfashion.nl\\\/verzenden-bezorgen\\\/\"]}]},{\"@type\":\"ImageObject\",\"inLanguage\":\"fr-FR\",\"@id\":\"https:\\\/\\\/almouhtadounfashion.nl\\\/verzenden-bezorgen\\\/#primaryimage\",\"url\":\"https:\\\/\\\/almouhtadounfashion.nl\\\/wp-content\\\/uploads\\\/2021\\\/03\\\/satria-sp-UOmpylL_UaI-unsplash.jpg\",\"contentUrl\":\"https:\\\/\\\/almouhtadounfashion.nl\\\/wp-content\\\/uploads\\\/2021\\\/03\\\/satria-sp-UOmpylL_UaI-unsplash.jpg\",\"width\":1920,\"height\":1080},{\"@type\":\"BreadcrumbList\",\"@id\":\"https:\\\/\\\/almouhtadounfashion.nl\\\/verzenden-bezorgen\\\/#breadcrumb\",\"itemListElement\":[{\"@type\":\"ListItem\",\"position\":1,\"name\":\"Home\",\"item\":\"https:\\\/\\\/almouhtadounfashion.nl\\\/\"},{\"@type\":\"ListItem\",\"position\":2,\"name\":\"Verzenden &#038; Bezorgen\"}]},{\"@type\":\"WebSite\",\"@id\":\"https:\\\/\\\/almouhtadounfashion.nl\\\/#website\",\"url\":\"https:\\\/\\\/almouhtadounfashion.nl\\\/\",\"name\":\"Al Mouhtadoun Fashion\",\"description\":\"Islamitische Kleding en Producten\",\"publisher\":{\"@id\":\"https:\\\/\\\/almouhtadounfashion.nl\\\/#organization\"},\"potentialAction\":[{\"@type\":\"SearchAction\",\"target\":{\"@type\":\"EntryPoint\",\"urlTemplate\":\"https:\\\/\\\/almouhtadounfashion.nl\\\/?s={search_term_string}\"},\"query-input\":{\"@type\":\"PropertyValueSpecification\",\"valueRequired\":true,\"valueName\":\"search_term_string\"}}],\"inLanguage\":\"fr-FR\"},{\"@type\":\"Organization\",\"@id\":\"https:\\\/\\\/almouhtadounfashion.nl\\\/#organization\",\"name\":\"Al Mouhtadoun Fashion\",\"url\":\"https:\\\/\\\/almouhtadounfashion.nl\\\/\",\"logo\":{\"@type\":\"ImageObject\",\"inLanguage\":\"fr-FR\",\"@id\":\"https:\\\/\\\/almouhtadounfashion.nl\\\/#\\\/schema\\\/logo\\\/image\\\/\",\"url\":\"https:\\\/\\\/almouhtadounfashion.nl\\\/wp-content\\\/uploads\\\/2021\\\/03\\\/Logo-High-Quality-PNGTransparent.png\",\"contentUrl\":\"https:\\\/\\\/almouhtadounfashion.nl\\\/wp-content\\\/uploads\\\/2021\\\/03\\\/Logo-High-Quality-PNGTransparent.png\",\"width\":4573,\"height\":1409,\"caption\":\"Al Mouhtadoun Fashion\"},\"image\":{\"@id\":\"https:\\\/\\\/almouhtadounfashion.nl\\\/#\\\/schema\\\/logo\\\/image\\\/\"},\"sameAs\":[\"https:\\\/\\\/www.facebook.com\\\/Al-Mouhtadoun-Fashion-109190494608539\",\"https:\\\/\\\/www.instagram.com\\\/almouhtadounfashion\\\/\"]}]}<\/script>\n<!-- \/ Yoast SEO plugin. -->","yoast_head_json":{"title":"Verzenden & Bezorgen - Al Mouhtadoun Fashion","description":"Verzenden &amp; Bezorgen Levertijd, Verzendkosten en Methoden Levertijd: Indien u voor 22:00 besteld, zal het pakket doorgaans de volgende werkdag","robots":{"index":"index","follow":"follow","max-snippet":"max-snippet:-1","max-image-preview":"max-image-preview:large","max-video-preview":"max-video-preview:-1"},"canonical":"https:\/\/almouhtadounfashion.nl\/fr\/verzenden-bezorgen\/","og_locale":"fr_FR","og_type":"article","og_title":"Verzenden & Bezorgen - Al Mouhtadoun Fashion","og_description":"Verzenden &amp; Bezorgen Levertijd, Verzendkosten en Methoden Levertijd: Indien u voor 22:00 besteld, zal het pakket doorgaans de volgende werkdag","og_url":"https:\/\/almouhtadounfashion.nl\/fr\/verzenden-bezorgen\/","og_site_name":"Al Mouhtadoun Fashion","article_publisher":"https:\/\/www.facebook.com\/Al-Mouhtadoun-Fashion-109190494608539","article_modified_time":"2021-06-01T22:03:16+00:00","og_image":[{"width":1920,"height":1080,"url":"https:\/\/almouhtadounfashion.nl\/wp-content\/uploads\/2021\/03\/satria-sp-UOmpylL_UaI-unsplash.jpg","type":"image\/jpeg"}],"twitter_card":"summary_large_image","twitter_misc":{"Dur\u00e9e de lecture estim\u00e9e":"1 minute"},"schema":{"@context":"https:\/\/schema.org","@graph":[{"@type":"WebPage","@id":"https:\/\/almouhtadounfashion.nl\/verzenden-bezorgen\/","url":"https:\/\/almouhtadounfashion.nl\/verzenden-bezorgen\/","name":"Verzenden & Bezorgen - Al Mouhtadoun Fashion","isPartOf":{"@id":"https:\/\/almouhtadounfashion.nl\/#website"},"primaryImageOfPage":{"@id":"https:\/\/almouhtadounfashion.nl\/verzenden-bezorgen\/#primaryimage"},"image":{"@id":"https:\/\/almouhtadounfashion.nl\/verzenden-bezorgen\/#primaryimage"},"thumbnailUrl":"https:\/\/almouhtadounfashion.nl\/wp-content\/uploads\/2021\/03\/satria-sp-UOmpylL_UaI-unsplash.jpg","datePublished":"2016-04-19T16:16:52+00:00","dateModified":"2021-06-01T22:03:16+00:00","description":"Verzenden &amp; Bezorgen Levertijd, Verzendkosten en Methoden Levertijd: Indien u voor 22:00 besteld, zal het pakket doorgaans de volgende werkdag","breadcrumb":{"@id":"https:\/\/almouhtadounfashion.nl\/verzenden-bezorgen\/#breadcrumb"},"inLanguage":"fr-FR","potentialAction":[{"@type":"ReadAction","target":["https:\/\/almouhtadounfashion.nl\/verzenden-bezorgen\/"]}]},{"@type":"ImageObject","inLanguage":"fr-FR","@id":"https:\/\/almouhtadounfashion.nl\/verzenden-bezorgen\/#primaryimage","url":"https:\/\/almouhtadounfashion.nl\/wp-content\/uploads\/2021\/03\/satria-sp-UOmpylL_UaI-unsplash.jpg","contentUrl":"https:\/\/almouhtadounfashion.nl\/wp-content\/uploads\/2021\/03\/satria-sp-UOmpylL_UaI-unsplash.jpg","width":1920,"height":1080},{"@type":"BreadcrumbList","@id":"https:\/\/almouhtadounfashion.nl\/verzenden-bezorgen\/#breadcrumb","itemListElement":[{"@type":"ListItem","position":1,"name":"Home","item":"https:\/\/almouhtadounfashion.nl\/"},{"@type":"ListItem","position":2,"name":"Verzenden &#038; Bezorgen"}]},{"@type":"WebSite","@id":"https:\/\/almouhtadounfashion.nl\/#website","url":"https:\/\/almouhtadounfashion.nl\/","name":"Al Mouhtadoun Fashion","description":"V\u00eatements et Produits Islamiques","publisher":{"@id":"https:\/\/almouhtadounfashion.nl\/#organization"},"potentialAction":[{"@type":"SearchAction","target":{"@type":"EntryPoint","urlTemplate":"https:\/\/almouhtadounfashion.nl\/?s={search_term_string}"},"query-input":{"@type":"PropertyValueSpecification","valueRequired":true,"valueName":"search_term_string"}}],"inLanguage":"fr-FR"},{"@type":"Organization","@id":"https:\/\/almouhtadounfashion.nl\/#organization","name":"Al Mouhtadoun Fashion","url":"https:\/\/almouhtadounfashion.nl\/","logo":{"@type":"ImageObject","inLanguage":"fr-FR","@id":"https:\/\/almouhtadounfashion.nl\/#\/schema\/logo\/image\/","url":"https:\/\/almouhtadounfashion.nl\/wp-content\/uploads\/2021\/03\/Logo-High-Quality-PNGTransparent.png","contentUrl":"https:\/\/almouhtadounfashion.nl\/wp-content\/uploads\/2021\/03\/Logo-High-Quality-PNGTransparent.png","width":4573,"height":1409,"caption":"Al Mouhtadoun Fashion"},"image":{"@id":"https:\/\/almouhtadounfashion.nl\/#\/schema\/logo\/image\/"},"sameAs":["https:\/\/www.facebook.com\/Al-Mouhtadoun-Fashion-109190494608539","https:\/\/www.instagram.com\/almouhtadounfashion\/"]}]}},"_links":{"self":[{"href":"https:\/\/almouhtadounfashion.nl\/fr\/wp-json\/wp\/v2\/pages\/4376","targetHints":{"allow":["GET"]}}],"collection":[{"href":"https:\/\/almouhtadounfashion.nl\/fr\/wp-json\/wp\/v2\/pages"}],"about":[{"href":"https:\/\/almouhtadounfashion.nl\/fr\/wp-json\/wp\/v2\/types\/page"}],"author":[{"embeddable":true,"href":"https:\/\/almouhtadounfashion.nl\/fr\/wp-json\/wp\/v2\/users\/1"}],"replies":[{"embeddable":true,"href":"https:\/\/almouhtadounfashion.nl\/fr\/wp-json\/wp\/v2\/comments?post=4376"}],"version-history":[{"count":10,"href":"https:\/\/almouhtadounfashion.nl\/fr\/wp-json\/wp\/v2\/pages\/4376\/revisions"}],"predecessor-version":[{"id":7378,"href":"https:\/\/almouhtadounfashion.nl\/fr\/wp-json\/wp\/v2\/pages\/4376\/revisions\/7378"}],"wp:featuredmedia":[{"embeddable":true,"href":"https:\/\/almouhtadounfashion.nl\/fr\/wp-json\/wp\/v2\/media\/6256"}],"wp:attachment":[{"href":"https:\/\/almouhtadounfashion.nl\/fr\/wp-json\/wp\/v2\/media?parent=4376"}],"curies":[{"name":"wp","href":"https:\/\/api.w.org\/{rel}","templated":true}]}}