{"id":3914,"date":"2016-04-03T18:21:39","date_gmt":"2016-04-03T18:21:39","guid":{"rendered":"http:\/\/janstudio.net\/gecko\/?page_id=3914"},"modified":"2021-03-11T21:52:19","modified_gmt":"2021-03-11T21:52:19","slug":"retourneren","status":"publish","type":"page","link":"https:\/\/almouhtadounfashion.nl\/fr\/retourneren\/","title":{"rendered":"Retour"},"content":{"rendered":"<h2><strong>Retour<\/strong><\/h2>\n<p>Si vous n'\u00eates pas satisfait d'un produit, vous pouvez nous le retourner.<\/p>\n<p><strong><em>Conditions de retour<\/em><\/strong><\/p>\n<ul>\n<li>Vous devez nous retourner le colis dans un d\u00e9lai de 14 jours, calcul\u00e9 \u00e0 compter de la date de r\u00e9ception.<\/li>\n<\/ul>\n<ul>\n<li>Les produits retourn\u00e9s doivent \u00eatre non port\u00e9s, dans leur emballage d'origine avec n'importe quelle \u00e9tiquette de prix, en bon \u00e9tat (pas de taches, de dommages ou d'odeurs, avec tous les accessoires qui l'accompagnent).<\/li>\n<\/ul>\n<p><strong><em><br \/>\nNotre adresse de retour est:<\/p>\n<p><\/em><\/strong>Al Mouhtadoun<br \/>\nHannie Schaftstraat 14<br \/>\n1525 PB, Westknollendam<br \/>\nPays-Bas<\/p>\n<p>Nous transf\u00e9rerons le montant total de l'achat sur votre compte dans les 7 jours ouvrables (calcul\u00e9s \u00e0 partir du jour o\u00f9 nous recevons votre retour).<\/p>\n<div id=\"gtx-trans\" style=\"position: absolute; left: -32px; top: 273.934px;\">\n<div class=\"gtx-trans-icon\"><\/div>\n<\/div>","protected":false},"excerpt":{"rendered":"<p>RETOURNEREN Bent u niet tevreden over een product, dan kunt u deze aan ons retour sturen. Retourvoorwaarden U dient het pakket binnen 14 dagen aan ons retour te sturen, gerekend vanaf de datum van ontvangst. Retour gestuurde producten dienen ongedragen, in originele verpakking met eventuele prijskaartje, in goede staat (geen vlekken, beschadigingen of geuren, met [&hellip;]<\/p>\n","protected":false},"author":1,"featured_media":6256,"parent":0,"menu_order":0,"comment_status":"closed","ping_status":"closed","template":"","meta":{"footnotes":""},"class_list":["post-3914","page","type-page","status-publish","has-post-thumbnail","hentry"],"yoast_head":"<!-- This site is optimized with the Yoast SEO plugin v27.4 - https:\/\/yoast.com\/product\/yoast-seo-wordpress\/ -->\n<title>Retourneren - Al Mouhtadoun Fashion<\/title>\n<meta name=\"description\" content=\"RETOURNEREN Bent u niet tevreden over een product, dan kunt u deze aan ons retour sturen. Retourvoorwaarden U dient het pakket binnen 14 dagen aan ons\" \/>\n<meta name=\"robots\" content=\"index, follow, max-snippet:-1, max-image-preview:large, max-video-preview:-1\" \/>\n<link rel=\"canonical\" href=\"https:\/\/almouhtadounfashion.nl\/fr\/retourneren\/\" \/>\n<meta property=\"og:locale\" content=\"fr_FR\" \/>\n<meta property=\"og:type\" content=\"article\" \/>\n<meta property=\"og:title\" content=\"Retourneren - Al Mouhtadoun Fashion\" \/>\n<meta property=\"og:description\" content=\"RETOURNEREN Bent u niet tevreden over een product, dan kunt u deze aan ons retour sturen. Retourvoorwaarden U dient het pakket binnen 14 dagen aan ons\" \/>\n<meta property=\"og:url\" content=\"https:\/\/almouhtadounfashion.nl\/fr\/retourneren\/\" \/>\n<meta property=\"og:site_name\" content=\"Al Mouhtadoun Fashion\" \/>\n<meta property=\"article:publisher\" content=\"https:\/\/www.facebook.com\/Al-Mouhtadoun-Fashion-109190494608539\" \/>\n<meta property=\"article:modified_time\" content=\"2021-03-11T21:52:19+00:00\" \/>\n<meta property=\"og:image\" content=\"https:\/\/almouhtadounfashion.nl\/wp-content\/uploads\/2021\/03\/satria-sp-UOmpylL_UaI-unsplash.jpg\" \/>\n\t<meta property=\"og:image:width\" content=\"1920\" \/>\n\t<meta property=\"og:image:height\" content=\"1080\" \/>\n\t<meta property=\"og:image:type\" content=\"image\/jpeg\" \/>\n<meta name=\"twitter:card\" content=\"summary_large_image\" \/>\n<script type=\"application\/ld+json\" class=\"yoast-schema-graph\">{\"@context\":\"https:\\\/\\\/schema.org\",\"@graph\":[{\"@type\":\"WebPage\",\"@id\":\"https:\\\/\\\/almouhtadounfashion.nl\\\/retourneren\\\/\",\"url\":\"https:\\\/\\\/almouhtadounfashion.nl\\\/retourneren\\\/\",\"name\":\"Retourneren - Al Mouhtadoun Fashion\",\"isPartOf\":{\"@id\":\"https:\\\/\\\/almouhtadounfashion.nl\\\/#website\"},\"primaryImageOfPage\":{\"@id\":\"https:\\\/\\\/almouhtadounfashion.nl\\\/retourneren\\\/#primaryimage\"},\"image\":{\"@id\":\"https:\\\/\\\/almouhtadounfashion.nl\\\/retourneren\\\/#primaryimage\"},\"thumbnailUrl\":\"https:\\\/\\\/almouhtadounfashion.nl\\\/wp-content\\\/uploads\\\/2021\\\/03\\\/satria-sp-UOmpylL_UaI-unsplash.jpg\",\"datePublished\":\"2016-04-03T18:21:39+00:00\",\"dateModified\":\"2021-03-11T21:52:19+00:00\",\"description\":\"RETOURNEREN Bent u niet tevreden over een product, dan kunt u deze aan ons retour sturen. Retourvoorwaarden U dient het pakket binnen 14 dagen aan ons\",\"breadcrumb\":{\"@id\":\"https:\\\/\\\/almouhtadounfashion.nl\\\/retourneren\\\/#breadcrumb\"},\"inLanguage\":\"fr-FR\",\"potentialAction\":[{\"@type\":\"ReadAction\",\"target\":[\"https:\\\/\\\/almouhtadounfashion.nl\\\/retourneren\\\/\"]}]},{\"@type\":\"ImageObject\",\"inLanguage\":\"fr-FR\",\"@id\":\"https:\\\/\\\/almouhtadounfashion.nl\\\/retourneren\\\/#primaryimage\",\"url\":\"https:\\\/\\\/almouhtadounfashion.nl\\\/wp-content\\\/uploads\\\/2021\\\/03\\\/satria-sp-UOmpylL_UaI-unsplash.jpg\",\"contentUrl\":\"https:\\\/\\\/almouhtadounfashion.nl\\\/wp-content\\\/uploads\\\/2021\\\/03\\\/satria-sp-UOmpylL_UaI-unsplash.jpg\",\"width\":1920,\"height\":1080},{\"@type\":\"BreadcrumbList\",\"@id\":\"https:\\\/\\\/almouhtadounfashion.nl\\\/retourneren\\\/#breadcrumb\",\"itemListElement\":[{\"@type\":\"ListItem\",\"position\":1,\"name\":\"Home\",\"item\":\"https:\\\/\\\/almouhtadounfashion.nl\\\/\"},{\"@type\":\"ListItem\",\"position\":2,\"name\":\"Retourneren\"}]},{\"@type\":\"WebSite\",\"@id\":\"https:\\\/\\\/almouhtadounfashion.nl\\\/#website\",\"url\":\"https:\\\/\\\/almouhtadounfashion.nl\\\/\",\"name\":\"Al Mouhtadoun Fashion\",\"description\":\"Islamitische Kleding en Producten\",\"publisher\":{\"@id\":\"https:\\\/\\\/almouhtadounfashion.nl\\\/#organization\"},\"potentialAction\":[{\"@type\":\"SearchAction\",\"target\":{\"@type\":\"EntryPoint\",\"urlTemplate\":\"https:\\\/\\\/almouhtadounfashion.nl\\\/?s={search_term_string}\"},\"query-input\":{\"@type\":\"PropertyValueSpecification\",\"valueRequired\":true,\"valueName\":\"search_term_string\"}}],\"inLanguage\":\"fr-FR\"},{\"@type\":\"Organization\",\"@id\":\"https:\\\/\\\/almouhtadounfashion.nl\\\/#organization\",\"name\":\"Al Mouhtadoun Fashion\",\"url\":\"https:\\\/\\\/almouhtadounfashion.nl\\\/\",\"logo\":{\"@type\":\"ImageObject\",\"inLanguage\":\"fr-FR\",\"@id\":\"https:\\\/\\\/almouhtadounfashion.nl\\\/#\\\/schema\\\/logo\\\/image\\\/\",\"url\":\"https:\\\/\\\/almouhtadounfashion.nl\\\/wp-content\\\/uploads\\\/2021\\\/03\\\/Logo-High-Quality-PNGTransparent.png\",\"contentUrl\":\"https:\\\/\\\/almouhtadounfashion.nl\\\/wp-content\\\/uploads\\\/2021\\\/03\\\/Logo-High-Quality-PNGTransparent.png\",\"width\":4573,\"height\":1409,\"caption\":\"Al Mouhtadoun Fashion\"},\"image\":{\"@id\":\"https:\\\/\\\/almouhtadounfashion.nl\\\/#\\\/schema\\\/logo\\\/image\\\/\"},\"sameAs\":[\"https:\\\/\\\/www.facebook.com\\\/Al-Mouhtadoun-Fashion-109190494608539\",\"https:\\\/\\\/www.instagram.com\\\/almouhtadounfashion\\\/\"]}]}<\/script>\n<!-- \/ Yoast SEO plugin. -->","yoast_head_json":{"title":"Retourneren - Al Mouhtadoun Fashion","description":"RETOURNEREN Bent u niet tevreden over een product, dan kunt u deze aan ons retour sturen. Retourvoorwaarden U dient het pakket binnen 14 dagen aan ons","robots":{"index":"index","follow":"follow","max-snippet":"max-snippet:-1","max-image-preview":"max-image-preview:large","max-video-preview":"max-video-preview:-1"},"canonical":"https:\/\/almouhtadounfashion.nl\/fr\/retourneren\/","og_locale":"fr_FR","og_type":"article","og_title":"Retourneren - Al Mouhtadoun Fashion","og_description":"RETOURNEREN Bent u niet tevreden over een product, dan kunt u deze aan ons retour sturen. Retourvoorwaarden U dient het pakket binnen 14 dagen aan ons","og_url":"https:\/\/almouhtadounfashion.nl\/fr\/retourneren\/","og_site_name":"Al Mouhtadoun Fashion","article_publisher":"https:\/\/www.facebook.com\/Al-Mouhtadoun-Fashion-109190494608539","article_modified_time":"2021-03-11T21:52:19+00:00","og_image":[{"width":1920,"height":1080,"url":"https:\/\/almouhtadounfashion.nl\/wp-content\/uploads\/2021\/03\/satria-sp-UOmpylL_UaI-unsplash.jpg","type":"image\/jpeg"}],"twitter_card":"summary_large_image","schema":{"@context":"https:\/\/schema.org","@graph":[{"@type":"WebPage","@id":"https:\/\/almouhtadounfashion.nl\/retourneren\/","url":"https:\/\/almouhtadounfashion.nl\/retourneren\/","name":"Retourneren - Al Mouhtadoun Fashion","isPartOf":{"@id":"https:\/\/almouhtadounfashion.nl\/#website"},"primaryImageOfPage":{"@id":"https:\/\/almouhtadounfashion.nl\/retourneren\/#primaryimage"},"image":{"@id":"https:\/\/almouhtadounfashion.nl\/retourneren\/#primaryimage"},"thumbnailUrl":"https:\/\/almouhtadounfashion.nl\/wp-content\/uploads\/2021\/03\/satria-sp-UOmpylL_UaI-unsplash.jpg","datePublished":"2016-04-03T18:21:39+00:00","dateModified":"2021-03-11T21:52:19+00:00","description":"RETOURNEREN Bent u niet tevreden over een product, dan kunt u deze aan ons retour sturen. Retourvoorwaarden U dient het pakket binnen 14 dagen aan ons","breadcrumb":{"@id":"https:\/\/almouhtadounfashion.nl\/retourneren\/#breadcrumb"},"inLanguage":"fr-FR","potentialAction":[{"@type":"ReadAction","target":["https:\/\/almouhtadounfashion.nl\/retourneren\/"]}]},{"@type":"ImageObject","inLanguage":"fr-FR","@id":"https:\/\/almouhtadounfashion.nl\/retourneren\/#primaryimage","url":"https:\/\/almouhtadounfashion.nl\/wp-content\/uploads\/2021\/03\/satria-sp-UOmpylL_UaI-unsplash.jpg","contentUrl":"https:\/\/almouhtadounfashion.nl\/wp-content\/uploads\/2021\/03\/satria-sp-UOmpylL_UaI-unsplash.jpg","width":1920,"height":1080},{"@type":"BreadcrumbList","@id":"https:\/\/almouhtadounfashion.nl\/retourneren\/#breadcrumb","itemListElement":[{"@type":"ListItem","position":1,"name":"Home","item":"https:\/\/almouhtadounfashion.nl\/"},{"@type":"ListItem","position":2,"name":"Retourneren"}]},{"@type":"WebSite","@id":"https:\/\/almouhtadounfashion.nl\/#website","url":"https:\/\/almouhtadounfashion.nl\/","name":"Al Mouhtadoun Fashion","description":"V\u00eatements et Produits Islamiques","publisher":{"@id":"https:\/\/almouhtadounfashion.nl\/#organization"},"potentialAction":[{"@type":"SearchAction","target":{"@type":"EntryPoint","urlTemplate":"https:\/\/almouhtadounfashion.nl\/?s={search_term_string}"},"query-input":{"@type":"PropertyValueSpecification","valueRequired":true,"valueName":"search_term_string"}}],"inLanguage":"fr-FR"},{"@type":"Organization","@id":"https:\/\/almouhtadounfashion.nl\/#organization","name":"Al Mouhtadoun Fashion","url":"https:\/\/almouhtadounfashion.nl\/","logo":{"@type":"ImageObject","inLanguage":"fr-FR","@id":"https:\/\/almouhtadounfashion.nl\/#\/schema\/logo\/image\/","url":"https:\/\/almouhtadounfashion.nl\/wp-content\/uploads\/2021\/03\/Logo-High-Quality-PNGTransparent.png","contentUrl":"https:\/\/almouhtadounfashion.nl\/wp-content\/uploads\/2021\/03\/Logo-High-Quality-PNGTransparent.png","width":4573,"height":1409,"caption":"Al Mouhtadoun Fashion"},"image":{"@id":"https:\/\/almouhtadounfashion.nl\/#\/schema\/logo\/image\/"},"sameAs":["https:\/\/www.facebook.com\/Al-Mouhtadoun-Fashion-109190494608539","https:\/\/www.instagram.com\/almouhtadounfashion\/"]}]}},"_links":{"self":[{"href":"https:\/\/almouhtadounfashion.nl\/fr\/wp-json\/wp\/v2\/pages\/3914","targetHints":{"allow":["GET"]}}],"collection":[{"href":"https:\/\/almouhtadounfashion.nl\/fr\/wp-json\/wp\/v2\/pages"}],"about":[{"href":"https:\/\/almouhtadounfashion.nl\/fr\/wp-json\/wp\/v2\/types\/page"}],"author":[{"embeddable":true,"href":"https:\/\/almouhtadounfashion.nl\/fr\/wp-json\/wp\/v2\/users\/1"}],"replies":[{"embeddable":true,"href":"https:\/\/almouhtadounfashion.nl\/fr\/wp-json\/wp\/v2\/comments?post=3914"}],"version-history":[{"count":7,"href":"https:\/\/almouhtadounfashion.nl\/fr\/wp-json\/wp\/v2\/pages\/3914\/revisions"}],"predecessor-version":[{"id":6885,"href":"https:\/\/almouhtadounfashion.nl\/fr\/wp-json\/wp\/v2\/pages\/3914\/revisions\/6885"}],"wp:featuredmedia":[{"embeddable":true,"href":"https:\/\/almouhtadounfashion.nl\/fr\/wp-json\/wp\/v2\/media\/6256"}],"wp:attachment":[{"href":"https:\/\/almouhtadounfashion.nl\/fr\/wp-json\/wp\/v2\/media?parent=3914"}],"curies":[{"name":"wp","href":"https:\/\/api.w.org\/{rel}","templated":true}]}}