{"id":6542,"date":"2021-03-03T20:25:16","date_gmt":"2021-03-03T20:25:16","guid":{"rendered":"https:\/\/almouhtadounfashion.nl\/?post_type=product&#038;p=6542"},"modified":"2023-11-20T08:15:58","modified_gmt":"2023-11-20T08:15:58","slug":"abaya-met-geintegreerde-hijab","status":"publish","type":"product","link":"https:\/\/almouhtadounfashion.nl\/en\/product\/abaya-met-geintegreerde-hijab\/","title":{"rendered":"Abaya met ge\u00efntegreerde hijab"},"content":{"rendered":"<p>Vlinder <a href=\"https:\/\/almouhtadounfashion.nl\/en\/category\/abaya\/\">abaya<\/a> met ge\u00efntegreerde hijab en capuchon in fijne 100% katoen fleece stof:<br \/>\n\u2022 Grote vlinder abaya<br \/>\n\u2022 Lange gebogen mouwen<br \/>\n\u2022 Ge\u00efntegreerde hijab genaaid op de <a href=\"https:\/\/nl.wikipedia.org\/wiki\/Abaya\">abaya<\/a><br \/>\n\u2022 Ge\u00efntegreerde hoofdband<br \/>\n\u2022 Grote capuchon<br \/>\n\u2022 2 voorzakken<\/p>","protected":false},"excerpt":{"rendered":"<p>Vlinder abaya met ge\u00efntegreerde hijab en capuchon in fijne 100% katoen fleece stof: \u2022 Grote vlinder abaya \u2022 Lange gebogen mouwen \u2022 Ge\u00efntegreerde hijab genaaid op de abaya \u2022 Ge\u00efntegreerde hoofdband \u2022 Grote capuchon \u2022 2 voorzakken<\/p>","protected":false},"featured_media":6544,"comment_status":"open","ping_status":"closed","template":"","meta":[],"product_brand":[],"product_cat":[170],"product_tag":[],"class_list":{"0":"post-6542","1":"product","2":"type-product","3":"status-publish","4":"has-post-thumbnail","6":"product_cat-abaya","8":"first","9":"instock","10":"sale","11":"taxable","12":"shipping-taxable","13":"purchasable","14":"product-type-variable"},"yoast_head":"<!-- This site is optimized with the Yoast SEO plugin v27.5 - https:\/\/yoast.com\/product\/yoast-seo-wordpress\/ -->\n<title>Abaya met ge\u00efntegreerde hijab - Al Mouhtadoun Fashion<\/title>\n<meta name=\"description\" content=\"Vlinder abaya met ge\u00efntegreerde hijab en capuchon in fijne 100% katoen fleece stof. Ge\u00efntegreerde hijab genaaid op de abaya.\" \/>\n<meta name=\"robots\" content=\"index, follow, max-snippet:-1, max-image-preview:large, max-video-preview:-1\" \/>\n<link rel=\"canonical\" href=\"https:\/\/almouhtadounfashion.nl\/en\/product\/abaya-met-geintegreerde-hijab\/\" \/>\n<meta property=\"og:locale\" content=\"en_US\" \/>\n<meta property=\"og:type\" content=\"article\" \/>\n<meta property=\"og:title\" content=\"Abaya met ge\u00efntegreerde hijab - Al Mouhtadoun Fashion\" \/>\n<meta property=\"og:description\" content=\"Vlinder abaya met ge\u00efntegreerde hijab en capuchon in fijne 100% katoen fleece stof. Ge\u00efntegreerde hijab genaaid op de abaya.\" \/>\n<meta property=\"og:url\" content=\"https:\/\/almouhtadounfashion.nl\/en\/product\/abaya-met-geintegreerde-hijab\/\" \/>\n<meta property=\"og:site_name\" content=\"Al Mouhtadoun Fashion\" \/>\n<meta property=\"article:publisher\" content=\"https:\/\/www.facebook.com\/Al-Mouhtadoun-Fashion-109190494608539\" \/>\n<meta property=\"article:modified_time\" content=\"2023-11-20T08:15:58+00:00\" \/>\n<meta property=\"og:image\" content=\"https:\/\/almouhtadounfashion.nl\/wp-content\/uploads\/2021\/03\/abaya-young-molleton-avec-hijab-integre-Wit-2.jpg\" \/>\n\t<meta property=\"og:image:width\" content=\"864\" \/>\n\t<meta property=\"og:image:height\" content=\"1296\" \/>\n\t<meta property=\"og:image:type\" content=\"image\/jpeg\" \/>\n<meta name=\"twitter:card\" content=\"summary_large_image\" \/>\n<meta name=\"twitter:label1\" content=\"Est. reading time\" \/>\n\t<meta name=\"twitter:data1\" content=\"1 minute\" \/>\n<script type=\"application\/ld+json\" class=\"yoast-schema-graph\">{\"@context\":\"https:\\\/\\\/schema.org\",\"@graph\":[{\"@type\":\"WebPage\",\"@id\":\"https:\\\/\\\/almouhtadounfashion.nl\\\/product\\\/abaya-met-geintegreerde-hijab\\\/\",\"url\":\"https:\\\/\\\/almouhtadounfashion.nl\\\/product\\\/abaya-met-geintegreerde-hijab\\\/\",\"name\":\"Abaya met ge\u00efntegreerde hijab - Al Mouhtadoun Fashion\",\"isPartOf\":{\"@id\":\"https:\\\/\\\/almouhtadounfashion.nl\\\/#website\"},\"primaryImageOfPage\":{\"@id\":\"https:\\\/\\\/almouhtadounfashion.nl\\\/product\\\/abaya-met-geintegreerde-hijab\\\/#primaryimage\"},\"image\":{\"@id\":\"https:\\\/\\\/almouhtadounfashion.nl\\\/product\\\/abaya-met-geintegreerde-hijab\\\/#primaryimage\"},\"thumbnailUrl\":\"https:\\\/\\\/almouhtadounfashion.nl\\\/wp-content\\\/uploads\\\/2021\\\/03\\\/abaya-young-molleton-avec-hijab-integre-Wit-2.jpg\",\"datePublished\":\"2021-03-03T20:25:16+00:00\",\"dateModified\":\"2023-11-20T08:15:58+00:00\",\"description\":\"Vlinder abaya met ge\u00efntegreerde hijab en capuchon in fijne 100% katoen fleece stof. Ge\u00efntegreerde hijab genaaid op de abaya.\",\"breadcrumb\":{\"@id\":\"https:\\\/\\\/almouhtadounfashion.nl\\\/product\\\/abaya-met-geintegreerde-hijab\\\/#breadcrumb\"},\"inLanguage\":\"en-US\",\"potentialAction\":[{\"@type\":\"ReadAction\",\"target\":[\"https:\\\/\\\/almouhtadounfashion.nl\\\/product\\\/abaya-met-geintegreerde-hijab\\\/\"]}]},{\"@type\":\"ImageObject\",\"inLanguage\":\"en-US\",\"@id\":\"https:\\\/\\\/almouhtadounfashion.nl\\\/product\\\/abaya-met-geintegreerde-hijab\\\/#primaryimage\",\"url\":\"https:\\\/\\\/almouhtadounfashion.nl\\\/wp-content\\\/uploads\\\/2021\\\/03\\\/abaya-young-molleton-avec-hijab-integre-Wit-2.jpg\",\"contentUrl\":\"https:\\\/\\\/almouhtadounfashion.nl\\\/wp-content\\\/uploads\\\/2021\\\/03\\\/abaya-young-molleton-avec-hijab-integre-Wit-2.jpg\",\"width\":864,\"height\":1296,\"caption\":\"Abaya met ge\u00efntegreerde hijab\"},{\"@type\":\"BreadcrumbList\",\"@id\":\"https:\\\/\\\/almouhtadounfashion.nl\\\/product\\\/abaya-met-geintegreerde-hijab\\\/#breadcrumb\",\"itemListElement\":[{\"@type\":\"ListItem\",\"position\":1,\"name\":\"Home\",\"item\":\"https:\\\/\\\/almouhtadounfashion.nl\\\/\"},{\"@type\":\"ListItem\",\"position\":2,\"name\":\"Winkelen\",\"item\":\"https:\\\/\\\/almouhtadounfashion.nl\\\/winkelen\\\/\"},{\"@type\":\"ListItem\",\"position\":3,\"name\":\"Abaya met ge\u00efntegreerde hijab\"}]},{\"@type\":\"WebSite\",\"@id\":\"https:\\\/\\\/almouhtadounfashion.nl\\\/#website\",\"url\":\"https:\\\/\\\/almouhtadounfashion.nl\\\/\",\"name\":\"Al Mouhtadoun Fashion\",\"description\":\"Islamitische Kleding en Producten\",\"publisher\":{\"@id\":\"https:\\\/\\\/almouhtadounfashion.nl\\\/#organization\"},\"potentialAction\":[{\"@type\":\"SearchAction\",\"target\":{\"@type\":\"EntryPoint\",\"urlTemplate\":\"https:\\\/\\\/almouhtadounfashion.nl\\\/?s={search_term_string}\"},\"query-input\":{\"@type\":\"PropertyValueSpecification\",\"valueRequired\":true,\"valueName\":\"search_term_string\"}}],\"inLanguage\":\"en-US\"},{\"@type\":\"Organization\",\"@id\":\"https:\\\/\\\/almouhtadounfashion.nl\\\/#organization\",\"name\":\"Al Mouhtadoun Fashion\",\"url\":\"https:\\\/\\\/almouhtadounfashion.nl\\\/\",\"logo\":{\"@type\":\"ImageObject\",\"inLanguage\":\"en-US\",\"@id\":\"https:\\\/\\\/almouhtadounfashion.nl\\\/#\\\/schema\\\/logo\\\/image\\\/\",\"url\":\"https:\\\/\\\/almouhtadounfashion.nl\\\/wp-content\\\/uploads\\\/2021\\\/03\\\/Logo-High-Quality-PNGTransparent.png\",\"contentUrl\":\"https:\\\/\\\/almouhtadounfashion.nl\\\/wp-content\\\/uploads\\\/2021\\\/03\\\/Logo-High-Quality-PNGTransparent.png\",\"width\":4573,\"height\":1409,\"caption\":\"Al Mouhtadoun Fashion\"},\"image\":{\"@id\":\"https:\\\/\\\/almouhtadounfashion.nl\\\/#\\\/schema\\\/logo\\\/image\\\/\"},\"sameAs\":[\"https:\\\/\\\/www.facebook.com\\\/Al-Mouhtadoun-Fashion-109190494608539\",\"https:\\\/\\\/www.instagram.com\\\/almouhtadounfashion\\\/\"]}]}<\/script>\n<!-- \/ Yoast SEO plugin. -->","yoast_head_json":{"title":"Abaya met ge\u00efntegreerde hijab - Al Mouhtadoun Fashion","description":"Vlinder abaya met ge\u00efntegreerde hijab en capuchon in fijne 100% katoen fleece stof. Ge\u00efntegreerde hijab genaaid op de abaya.","robots":{"index":"index","follow":"follow","max-snippet":"max-snippet:-1","max-image-preview":"max-image-preview:large","max-video-preview":"max-video-preview:-1"},"canonical":"https:\/\/almouhtadounfashion.nl\/en\/product\/abaya-met-geintegreerde-hijab\/","og_locale":"en_US","og_type":"article","og_title":"Abaya met ge\u00efntegreerde hijab - Al Mouhtadoun Fashion","og_description":"Vlinder abaya met ge\u00efntegreerde hijab en capuchon in fijne 100% katoen fleece stof. Ge\u00efntegreerde hijab genaaid op de abaya.","og_url":"https:\/\/almouhtadounfashion.nl\/en\/product\/abaya-met-geintegreerde-hijab\/","og_site_name":"Al Mouhtadoun Fashion","article_publisher":"https:\/\/www.facebook.com\/Al-Mouhtadoun-Fashion-109190494608539","article_modified_time":"2023-11-20T08:15:58+00:00","og_image":[{"width":864,"height":1296,"url":"https:\/\/almouhtadounfashion.nl\/wp-content\/uploads\/2021\/03\/abaya-young-molleton-avec-hijab-integre-Wit-2.jpg","type":"image\/jpeg"}],"twitter_card":"summary_large_image","twitter_misc":{"Est. reading time":"1 minute"},"schema":{"@context":"https:\/\/schema.org","@graph":[{"@type":"WebPage","@id":"https:\/\/almouhtadounfashion.nl\/product\/abaya-met-geintegreerde-hijab\/","url":"https:\/\/almouhtadounfashion.nl\/product\/abaya-met-geintegreerde-hijab\/","name":"Abaya met ge\u00efntegreerde hijab - Al Mouhtadoun Fashion","isPartOf":{"@id":"https:\/\/almouhtadounfashion.nl\/#website"},"primaryImageOfPage":{"@id":"https:\/\/almouhtadounfashion.nl\/product\/abaya-met-geintegreerde-hijab\/#primaryimage"},"image":{"@id":"https:\/\/almouhtadounfashion.nl\/product\/abaya-met-geintegreerde-hijab\/#primaryimage"},"thumbnailUrl":"https:\/\/almouhtadounfashion.nl\/wp-content\/uploads\/2021\/03\/abaya-young-molleton-avec-hijab-integre-Wit-2.jpg","datePublished":"2021-03-03T20:25:16+00:00","dateModified":"2023-11-20T08:15:58+00:00","description":"Vlinder abaya met ge\u00efntegreerde hijab en capuchon in fijne 100% katoen fleece stof. Ge\u00efntegreerde hijab genaaid op de abaya.","breadcrumb":{"@id":"https:\/\/almouhtadounfashion.nl\/product\/abaya-met-geintegreerde-hijab\/#breadcrumb"},"inLanguage":"en-US","potentialAction":[{"@type":"ReadAction","target":["https:\/\/almouhtadounfashion.nl\/product\/abaya-met-geintegreerde-hijab\/"]}]},{"@type":"ImageObject","inLanguage":"en-US","@id":"https:\/\/almouhtadounfashion.nl\/product\/abaya-met-geintegreerde-hijab\/#primaryimage","url":"https:\/\/almouhtadounfashion.nl\/wp-content\/uploads\/2021\/03\/abaya-young-molleton-avec-hijab-integre-Wit-2.jpg","contentUrl":"https:\/\/almouhtadounfashion.nl\/wp-content\/uploads\/2021\/03\/abaya-young-molleton-avec-hijab-integre-Wit-2.jpg","width":864,"height":1296,"caption":"Abaya met ge\u00efntegreerde hijab"},{"@type":"BreadcrumbList","@id":"https:\/\/almouhtadounfashion.nl\/product\/abaya-met-geintegreerde-hijab\/#breadcrumb","itemListElement":[{"@type":"ListItem","position":1,"name":"Home","item":"https:\/\/almouhtadounfashion.nl\/"},{"@type":"ListItem","position":2,"name":"Winkelen","item":"https:\/\/almouhtadounfashion.nl\/winkelen\/"},{"@type":"ListItem","position":3,"name":"Abaya met ge\u00efntegreerde hijab"}]},{"@type":"WebSite","@id":"https:\/\/almouhtadounfashion.nl\/#website","url":"https:\/\/almouhtadounfashion.nl\/","name":"Al Mouhtadoun Fashion","description":"Muslim Clothing and Products","publisher":{"@id":"https:\/\/almouhtadounfashion.nl\/#organization"},"potentialAction":[{"@type":"SearchAction","target":{"@type":"EntryPoint","urlTemplate":"https:\/\/almouhtadounfashion.nl\/?s={search_term_string}"},"query-input":{"@type":"PropertyValueSpecification","valueRequired":true,"valueName":"search_term_string"}}],"inLanguage":"en-US"},{"@type":"Organization","@id":"https:\/\/almouhtadounfashion.nl\/#organization","name":"Al Mouhtadoun Fashion","url":"https:\/\/almouhtadounfashion.nl\/","logo":{"@type":"ImageObject","inLanguage":"en-US","@id":"https:\/\/almouhtadounfashion.nl\/#\/schema\/logo\/image\/","url":"https:\/\/almouhtadounfashion.nl\/wp-content\/uploads\/2021\/03\/Logo-High-Quality-PNGTransparent.png","contentUrl":"https:\/\/almouhtadounfashion.nl\/wp-content\/uploads\/2021\/03\/Logo-High-Quality-PNGTransparent.png","width":4573,"height":1409,"caption":"Al Mouhtadoun Fashion"},"image":{"@id":"https:\/\/almouhtadounfashion.nl\/#\/schema\/logo\/image\/"},"sameAs":["https:\/\/www.facebook.com\/Al-Mouhtadoun-Fashion-109190494608539","https:\/\/www.instagram.com\/almouhtadounfashion\/"]}]}},"_links":{"self":[{"href":"https:\/\/almouhtadounfashion.nl\/en\/wp-json\/wp\/v2\/product\/6542","targetHints":{"allow":["GET"]}}],"collection":[{"href":"https:\/\/almouhtadounfashion.nl\/en\/wp-json\/wp\/v2\/product"}],"about":[{"href":"https:\/\/almouhtadounfashion.nl\/en\/wp-json\/wp\/v2\/types\/product"}],"replies":[{"embeddable":true,"href":"https:\/\/almouhtadounfashion.nl\/en\/wp-json\/wp\/v2\/comments?post=6542"}],"version-history":[{"count":4,"href":"https:\/\/almouhtadounfashion.nl\/en\/wp-json\/wp\/v2\/product\/6542\/revisions"}],"predecessor-version":[{"id":7872,"href":"https:\/\/almouhtadounfashion.nl\/en\/wp-json\/wp\/v2\/product\/6542\/revisions\/7872"}],"wp:featuredmedia":[{"embeddable":true,"href":"https:\/\/almouhtadounfashion.nl\/en\/wp-json\/wp\/v2\/media\/6544"}],"wp:attachment":[{"href":"https:\/\/almouhtadounfashion.nl\/en\/wp-json\/wp\/v2\/media?parent=6542"}],"wp:term":[{"taxonomy":"product_brand","embeddable":true,"href":"https:\/\/almouhtadounfashion.nl\/en\/wp-json\/wp\/v2\/product_brand?post=6542"},{"taxonomy":"product_cat","embeddable":true,"href":"https:\/\/almouhtadounfashion.nl\/en\/wp-json\/wp\/v2\/product_cat?post=6542"},{"taxonomy":"product_tag","embeddable":true,"href":"https:\/\/almouhtadounfashion.nl\/en\/wp-json\/wp\/v2\/product_tag?post=6542"}],"curies":[{"name":"wp","href":"https:\/\/api.w.org\/{rel}","templated":true}]}}